{"id":9009,"date":"2022-11-29T23:22:03","date_gmt":"2022-11-29T23:22:03","guid":{"rendered":"https:\/\/cezear.pt\/?page_id=9009"},"modified":"2025-11-23T03:48:46","modified_gmt":"2025-11-23T02:48:46","slug":"fl-2","status":"publish","type":"page","link":"https:\/\/cezear.pt\/en\/fl-2\/","title":{"rendered":"Fiscalistas e Legalistas"},"content":{"rendered":"<div data-elementor-type=\"wp-page\" data-elementor-id=\"9009\" class=\"elementor elementor-9009\" data-elementor-post-type=\"page\">\n\t\t\t\t\t\t<section class=\"elementor-section elementor-top-section elementor-element elementor-element-9b0ad6f elementor-section-boxed elementor-section-height-default elementor-section-height-default\" data-id=\"9b0ad6f\" data-element_type=\"section\" data-e-type=\"section\">\n\t\t\t\t\t\t<div class=\"elementor-container elementor-column-gap-default\">\n\t\t\t\t\t<div class=\"elementor-column elementor-col-33 elementor-top-column elementor-element elementor-element-15bd0f0\" data-id=\"15bd0f0\" data-element_type=\"column\" data-e-type=\"column\" data-settings=\"{&quot;motion_fx_motion_fx_scrolling&quot;:&quot;yes&quot;,&quot;motion_fx_rotateZ_effect&quot;:&quot;yes&quot;,&quot;motion_fx_scale_effect&quot;:&quot;yes&quot;,&quot;motion_fx_rotateZ_speed&quot;:{&quot;unit&quot;:&quot;px&quot;,&quot;size&quot;:1,&quot;sizes&quot;:[]},&quot;motion_fx_rotateZ_affectedRange&quot;:{&quot;unit&quot;:&quot;%&quot;,&quot;size&quot;:&quot;&quot;,&quot;sizes&quot;:{&quot;start&quot;:0,&quot;end&quot;:100}},&quot;motion_fx_scale_direction&quot;:&quot;out-in&quot;,&quot;motion_fx_scale_speed&quot;:{&quot;unit&quot;:&quot;px&quot;,&quot;size&quot;:4,&quot;sizes&quot;:[]},&quot;motion_fx_scale_range&quot;:{&quot;unit&quot;:&quot;%&quot;,&quot;size&quot;:&quot;&quot;,&quot;sizes&quot;:{&quot;start&quot;:20,&quot;end&quot;:80}},&quot;motion_fx_devices&quot;:[&quot;desktop&quot;,&quot;tablet&quot;,&quot;mobile&quot;]}\">\n\t\t\t<div class=\"elementor-widget-wrap elementor-element-populated\">\n\t\t\t\t\t\t<div class=\"elementor-element elementor-element-f731c60 elementor-widget elementor-widget-image\" data-id=\"f731c60\" data-element_type=\"widget\" data-e-type=\"widget\" data-widget_type=\"image.default\">\n\t\t\t\t<div class=\"elementor-widget-container\">\n\t\t\t\t\t\t\t\t\t\t\t\t\t\t\t<img fetchpriority=\"high\" decoding=\"async\" width=\"422\" height=\"298\" src=\"https:\/\/cezear.pt\/wp-content\/uploads\/2022\/11\/FL.png\" class=\"attachment-full size-full wp-image-8138\" alt=\"\" srcset=\"https:\/\/cezear.pt\/wp-content\/uploads\/2022\/11\/FL.png 422w, https:\/\/cezear.pt\/wp-content\/uploads\/2022\/11\/FL-300x212.png 300w, https:\/\/cezear.pt\/wp-content\/uploads\/2022\/11\/FL-18x12.png 18w\" sizes=\"(max-width: 422px) 100vw, 422px\" \/>\t\t\t\t\t\t\t\t\t\t\t\t\t\t\t<\/div>\n\t\t\t\t<\/div>\n\t\t\t\t\t<\/div>\n\t\t<\/div>\n\t\t\t\t<div class=\"elementor-column elementor-col-66 elementor-top-column elementor-element elementor-element-6949d1c\" data-id=\"6949d1c\" data-element_type=\"column\" data-e-type=\"column\">\n\t\t\t<div class=\"elementor-widget-wrap elementor-element-populated\">\n\t\t\t\t\t\t<div class=\"elementor-element elementor-element-153c3dc8 elementor-widget elementor-widget-heading\" data-id=\"153c3dc8\" data-element_type=\"widget\" data-e-type=\"widget\" data-widget_type=\"heading.default\">\n\t\t\t\t<div class=\"elementor-widget-container\">\n\t\t\t\t\t<h2 class=\"elementor-heading-title elementor-size-default\">Fiscalistas e legalistas<\/h2>\t\t\t\t<\/div>\n\t\t\t\t<\/div>\n\t\t\t\t\t<\/div>\n\t\t<\/div>\n\t\t\t\t\t<\/div>\n\t\t<\/section>\n\t\t\t\t<section class=\"elementor-section elementor-top-section elementor-element elementor-element-82a3184 elementor-section-boxed elementor-section-height-default elementor-section-height-default\" data-id=\"82a3184\" data-element_type=\"section\" data-e-type=\"section\">\n\t\t\t\t\t\t<div class=\"elementor-container elementor-column-gap-default\">\n\t\t\t\t\t<div class=\"elementor-column elementor-col-100 elementor-top-column elementor-element elementor-element-d60b6af\" data-id=\"d60b6af\" data-element_type=\"column\" data-e-type=\"column\">\n\t\t\t<div class=\"elementor-widget-wrap elementor-element-populated\">\n\t\t\t\t\t\t<div class=\"elementor-element elementor-element-31cc785 elementor-widget-divider--view-line elementor-widget elementor-widget-divider\" data-id=\"31cc785\" data-element_type=\"widget\" data-e-type=\"widget\" data-widget_type=\"divider.default\">\n\t\t\t\t<div class=\"elementor-widget-container\">\n\t\t\t\t\t\t\t<div class=\"elementor-divider\">\n\t\t\t<span class=\"elementor-divider-separator\">\n\t\t\t\t\t\t<\/span>\n\t\t<\/div>\n\t\t\t\t\t\t<\/div>\n\t\t\t\t<\/div>\n\t\t\t\t<div class=\"elementor-element elementor-element-b5999a5 elementor-widget elementor-widget-text-editor\" data-id=\"b5999a5\" data-element_type=\"widget\" data-e-type=\"widget\" data-widget_type=\"text-editor.default\">\n\t\t\t\t<div class=\"elementor-widget-container\">\n\t\t\t\t\t\t\t\t\t<p>Equipa multifacetada\u00a0que presta a cidad\u00e3os, a contribuintes, a profissionais e \u00e0s empresas: um conjunto de servi\u00e7os alargados eminentemente na \u00e1rea da fiscalidade, da literacia comercial, contabilidade e da compreens\u00e3o e interpreta\u00e7\u00e3o dos atos de com\u00e9rcio e empresariais.<\/p>\t\t\t\t\t\t\t\t<\/div>\n\t\t\t\t<\/div>\n\t\t\t\t<section class=\"elementor-section elementor-inner-section elementor-element elementor-element-2a2d3fd elementor-section-boxed elementor-section-height-default elementor-section-height-default\" data-id=\"2a2d3fd\" data-element_type=\"section\" data-e-type=\"section\">\n\t\t\t\t\t\t<div class=\"elementor-container elementor-column-gap-default\">\n\t\t\t\t\t<div class=\"elementor-column elementor-col-50 elementor-inner-column elementor-element elementor-element-06ff6a7\" data-id=\"06ff6a7\" data-element_type=\"column\" data-e-type=\"column\">\n\t\t\t<div class=\"elementor-widget-wrap elementor-element-populated\">\n\t\t\t\t\t\t<div class=\"elementor-element elementor-element-b696639 elementor-widget elementor-widget-image\" data-id=\"b696639\" data-element_type=\"widget\" data-e-type=\"widget\" data-widget_type=\"image.default\">\n\t\t\t\t<div class=\"elementor-widget-container\">\n\t\t\t\t\t\t\t\t\t\t\t\t\t\t\t<img decoding=\"async\" width=\"2547\" height=\"1170\" data-src=\"https:\/\/cezear.pt\/wp-content\/uploads\/2022\/12\/FotoFisc..jpg\" class=\"attachment-full size-full wp-image-9919 lazyload\" alt=\"\" data-srcset=\"https:\/\/cezear.pt\/wp-content\/uploads\/2022\/12\/FotoFisc..jpg 2547w, https:\/\/cezear.pt\/wp-content\/uploads\/2022\/12\/FotoFisc.-300x138.jpg 300w, https:\/\/cezear.pt\/wp-content\/uploads\/2022\/12\/FotoFisc.-1024x470.jpg 1024w, https:\/\/cezear.pt\/wp-content\/uploads\/2022\/12\/FotoFisc.-768x353.jpg 768w, https:\/\/cezear.pt\/wp-content\/uploads\/2022\/12\/FotoFisc.-1536x706.jpg 1536w, https:\/\/cezear.pt\/wp-content\/uploads\/2022\/12\/FotoFisc.-2048x941.jpg 2048w, https:\/\/cezear.pt\/wp-content\/uploads\/2022\/12\/FotoFisc.-18x8.jpg 18w, https:\/\/cezear.pt\/wp-content\/uploads\/2022\/12\/FotoFisc.-555x255.jpg 555w, https:\/\/cezear.pt\/wp-content\/uploads\/2022\/12\/FotoFisc.-1110x510.jpg 1110w, https:\/\/cezear.pt\/wp-content\/uploads\/2022\/12\/FotoFisc.-600x276.jpg 600w, https:\/\/cezear.pt\/wp-content\/uploads\/2022\/12\/FotoFisc.-1200x551.jpg 1200w\" data-sizes=\"(max-width: 2547px) 100vw, 2547px\" src=\"data:image\/svg+xml;base64,PHN2ZyB3aWR0aD0iMSIgaGVpZ2h0PSIxIiB4bWxucz0iaHR0cDovL3d3dy53My5vcmcvMjAwMC9zdmciPjwvc3ZnPg==\" style=\"--smush-placeholder-width: 2547px; --smush-placeholder-aspect-ratio: 2547\/1170;\" \/>\t\t\t\t\t\t\t\t\t\t\t\t\t\t\t<\/div>\n\t\t\t\t<\/div>\n\t\t\t\t\t<\/div>\n\t\t<\/div>\n\t\t\t\t<div class=\"elementor-column elementor-col-50 elementor-inner-column elementor-element elementor-element-8d4b234\" data-id=\"8d4b234\" data-element_type=\"column\" data-e-type=\"column\">\n\t\t\t<div class=\"elementor-widget-wrap elementor-element-populated\">\n\t\t\t\t\t\t<div class=\"elementor-element elementor-element-4023919 elementor-widget elementor-widget-spacer\" data-id=\"4023919\" data-element_type=\"widget\" data-e-type=\"widget\" data-widget_type=\"spacer.default\">\n\t\t\t\t<div class=\"elementor-widget-container\">\n\t\t\t\t\t\t\t<div class=\"elementor-spacer\">\n\t\t\t<div class=\"elementor-spacer-inner\"><\/div>\n\t\t<\/div>\n\t\t\t\t\t\t<\/div>\n\t\t\t\t<\/div>\n\t\t\t\t\t<\/div>\n\t\t<\/div>\n\t\t\t\t\t<\/div>\n\t\t<\/section>\n\t\t\t\t<div class=\"elementor-element elementor-element-9c5d3da elementor-widget elementor-widget-text-editor\" data-id=\"9c5d3da\" data-element_type=\"widget\" data-e-type=\"widget\" data-widget_type=\"text-editor.default\">\n\t\t\t\t<div class=\"elementor-widget-container\">\n\t\t\t\t\t\t\t\t\t<p>\u00a0<\/p><p><b style=\"color: var( --e-global-color-4c646ecd ); letter-spacing: 0.3px;\"><br \/>Consultoria Fiscal:<\/b><\/p><ul><li>Opini\u00f5es e entendimentos: comunica\u00e7\u00e3o de informa\u00e7\u00e3o estritamente descritiva dos processos e regimes tribut\u00e1rios e benef\u00edcios fiscais vigentes em Portugal Continental, com preval\u00eancia nos c\u00f3digos que regulam a tributa\u00e7\u00e3o do rendimento, do patrim\u00f3nio e do consumo (CIRS\/CIRC\/CIMI\/CIMT\/IVA\/CIS\/EBF)<\/li><li>Pareceres e relat\u00f3rios t\u00e9cnicos em mat\u00e9ria fiscal e parafiscal de regimes especiais de tributa\u00e7\u00e3o (comunica\u00e7\u00e3o de informa\u00e7\u00e3o estritamente descritiva\u00a0 dos regimes especiais de tributa\u00e7\u00e3o aplic\u00e1veis ao investimento; \u00e0 tributa\u00e7\u00e3o de grupos de sociedades; \u00e0s sociedades holding\/SGPS; ao enquadramento fiscal aplic\u00e1vel a cooperativas e funda\u00e7\u00f5es; e o regime aplic\u00e1vel \u00e0s reestrutura\u00e7\u00f5es empresariais (fus\u00e3o, cis\u00e3o e transforma\u00e7\u00e3o de sociedades)<\/li><li>Fiscalidade internacional<\/li><\/ul><p style=\"letter-spacing: 0.3px;\">\u00a0<\/p>\t\t\t\t\t\t\t\t<\/div>\n\t\t\t\t<\/div>\n\t\t\t\t<div class=\"elementor-element elementor-element-bf7269d elementor-widget elementor-widget-text-editor\" data-id=\"bf7269d\" data-element_type=\"widget\" data-e-type=\"widget\" data-widget_type=\"text-editor.default\">\n\t\t\t\t<div class=\"elementor-widget-container\">\n\t\t\t\t\t\t\t\t\t<p><b>Peritagens Contabil\u00edsticas e Fiscais:<\/b><\/p><ul><li>Peritagem contabil\u00edstica prestada por contabilistas certificados<\/li><li>Peritagem fiscal emitindo parecer para mitigar as conting\u00eancias fiscais e a litig\u00e2ncia em mat\u00e9ria fiscal<\/li><li>Na qualidade de perito do contribuinte &#8211; personnal account\/adviser &#8211; em processos de defesa no \u00e2mbito da Lei Geral Tribut\u00e1ria &#8211; m\u00e9todos indirectos de tributa\u00e7\u00e3o, traduzindo-se na representa\u00e7\u00e3o do cliente (sujeito passivo) e na salvaguarda dos direitos fiscais e processuais deste, tais como o direito a ser ouvido e o direito a um processo inspectivo equitativo e o direito de defesa no procedimento de revis\u00e3o da mat\u00e9ria colect\u00e1vel\/tribut\u00e1vel.<\/li><\/ul>\t\t\t\t\t\t\t\t<\/div>\n\t\t\t\t<\/div>\n\t\t\t\t<div class=\"elementor-element elementor-element-50782dc elementor-widget elementor-widget-text-editor\" data-id=\"50782dc\" data-element_type=\"widget\" data-e-type=\"widget\" data-widget_type=\"text-editor.default\">\n\t\t\t\t<div class=\"elementor-widget-container\">\n\t\t\t\t\t\t\t\t\t<p><b style=\"letter-spacing: 0.3px; color: var( --e-global-color-4c646ecd );\"><span style=\"letter-spacing: 0.3px;\">Apoio T\u00e9cnico \u00e0 Boa Governa\u00e7\u00e3o e Legalidade Societ\u00e1ria:<\/span><\/b><\/p><div style=\"letter-spacing: 0.3px;\"><ul style=\"letter-spacing: 0.3px;\"><li><span style=\"letter-spacing: 0.3px;\">Assessoria \u00e0 administra\u00e7\u00e3o\/ger\u00eancia &#8211; de modo imparcial, objetivo e independente &#8211; sobre a efic\u00e1cia, a operacionalidade e a conformidade do sistema de controlo interno no tocante aos riscos empresariais ;\u00a0<\/span><\/li><li><span style=\"letter-spacing: 0.3px; font-weight: var( --e-global-typography-text-font-weight );\">Monitoriza\u00e7\u00e3o e avalia\u00e7\u00e3o do cumprimento e efic\u00e1cia das medidas de preven\u00e7\u00e3o de riscos do neg\u00f3cio;\u00a0\u00a0<\/span><\/li><li><span style=\"letter-spacing: 0.3px; font-weight: var( --e-global-typography-text-font-weight );\">Apoio na remedia\u00e7\u00e3o e melhoria de procedimentos administrativos e de atos ou eventos conexos com a gest\u00e3o empresarial; e<\/span><\/li><li><span style=\"letter-spacing: 0.3px; font-weight: var( --e-global-typography-text-font-weight );\">Aconselhamento a clientes para os ajudar a certificarem-se de que as suas atividades e neg\u00f3cios cumprem com a legalidade e legisla\u00e7\u00e3o aplic\u00e1vel.<\/span><\/li><\/ul><\/div>\t\t\t\t\t\t\t\t<\/div>\n\t\t\t\t<\/div>\n\t\t\t\t<div class=\"elementor-element elementor-element-718454a elementor-widget elementor-widget-text-editor\" data-id=\"718454a\" data-element_type=\"widget\" data-e-type=\"widget\" data-widget_type=\"text-editor.default\">\n\t\t\t\t<div class=\"elementor-widget-container\">\n\t\t\t\t\t\t\t\t\t<p><b style=\"letter-spacing: 0.3px; color: var( --e-global-color-4c646ecd );\">Enquadramento Legal ao Cumprimento Normativo &#8211; n<span style=\"letter-spacing: 0.3px;\">o \u00e2mbito das fun\u00e7\u00f5es sujeitas a nomea\u00e7\u00e3o oficial\/formal, oferecemos apoio na defini\u00e7\u00e3o do perfil:<\/span><\/b><\/p>\n<div style=\"letter-spacing: 0.3px;\">\n<ul style=\"letter-spacing: 0.3px;\">\n<li><span style=\"letter-spacing: 0.3px;\">Membros da mesa da assembleia geral de sociedades comerciais (artigo 374.\u00ba do CSC);&nbsp;<\/span><\/li>\n<li><span style=\"letter-spacing: 0.3px; font-weight: var( --e-global-typography-text-font-weight );\">Secret\u00e1rios de sociedade (artigo 446.\u00ba-A do CSC); e&nbsp;<\/span><\/li>\n<li><span style=\"letter-spacing: 0.3px; font-weight: var( --e-global-typography-text-font-weight );\">Apoio pontual, cir\u00fargico e personalizado aos respons\u00e1veis pelo cumprimento do normativo: (c1) no \u00e2mbito da&nbsp;<\/span><span style=\"letter-spacing: 0.3px; font-weight: var( --e-global-typography-text-font-weight );\">lei para preven\u00e7\u00e3o do branqueamento de capitais (<\/span><span style=\"letter-spacing: 0.3px; font-weight: var( --e-global-typography-text-font-weight );\">artigo 16.\u00ba da Lei 83\/2017, de 18 de Agosto &#8211; BC\/FT ); (c2) no \u00e2mbito do regime geral da preven\u00e7\u00e3o da corrup\u00e7\u00e3o (cf. previsto no artigo 5.\u00ba do Anexo ao Decreto-Lei n.\u00ba 109-E\/2021, de 9 de Dezembro, que estabelece o regime geral de preven\u00e7\u00e3o da corrup\u00e7\u00e3o)<\/span><\/li><\/ul><\/div>\t\t\t\t\t\t\t\t<\/div>\n\t\t\t\t<\/div>\n\t\t\t\t<section class=\"elementor-section elementor-inner-section elementor-element elementor-element-b2e0ca0 elementor-section-boxed elementor-section-height-default elementor-section-height-default\" data-id=\"b2e0ca0\" data-element_type=\"section\" data-e-type=\"section\">\n\t\t\t\t\t\t<div class=\"elementor-container elementor-column-gap-default\">\n\t\t\t\t\t<div class=\"elementor-column elementor-col-50 elementor-inner-column elementor-element elementor-element-756b53a\" data-id=\"756b53a\" data-element_type=\"column\" data-e-type=\"column\">\n\t\t\t<div class=\"elementor-widget-wrap elementor-element-populated\">\n\t\t\t\t\t\t<div class=\"elementor-element elementor-element-d4f0140 elementor-widget elementor-widget-text-editor\" data-id=\"d4f0140\" data-element_type=\"widget\" data-e-type=\"widget\" data-widget_type=\"text-editor.default\">\n\t\t\t\t<div class=\"elementor-widget-container\">\n\t\t\t\t\t\t\t\t\t<p>\u00a0<\/p><p>\u00a0<\/p><p style=\"margin-bottom: 0px; letter-spacing: 0.3px;\"><strong>Contactos<\/strong><br \/>Localiza\u00e7\u00e3o: CEZEAR &#8211; Alcoba\u00e7a e Faro\/Loul\u00e9<br \/>e-mail: info@cezear.pt\u00a0<\/p>\t\t\t\t\t\t\t\t<\/div>\n\t\t\t\t<\/div>\n\t\t\t\t\t<\/div>\n\t\t<\/div>\n\t\t\t\t<div class=\"elementor-column elementor-col-50 elementor-inner-column elementor-element elementor-element-8d48516\" data-id=\"8d48516\" data-element_type=\"column\" data-e-type=\"column\">\n\t\t\t<div class=\"elementor-widget-wrap elementor-element-populated\">\n\t\t\t\t\t\t<div class=\"elementor-element elementor-element-2a9f3c2 elementor-widget elementor-widget-image\" data-id=\"2a9f3c2\" data-element_type=\"widget\" data-e-type=\"widget\" data-widget_type=\"image.default\">\n\t\t\t\t<div class=\"elementor-widget-container\">\n\t\t\t\t\t\t\t\t\t\t\t\t\t\t\t<img decoding=\"async\" width=\"768\" height=\"259\" data-src=\"https:\/\/cezear.pt\/wp-content\/uploads\/2021\/08\/3.-Imagem-Loja_Servicos-768x259.png\" class=\"attachment-medium_large size-medium_large wp-image-1738 lazyload\" alt=\"\" data-srcset=\"https:\/\/cezear.pt\/wp-content\/uploads\/2021\/08\/3.-Imagem-Loja_Servicos-768x259.png 768w, https:\/\/cezear.pt\/wp-content\/uploads\/2021\/08\/3.-Imagem-Loja_Servicos-300x101.png 300w, https:\/\/cezear.pt\/wp-content\/uploads\/2021\/08\/3.-Imagem-Loja_Servicos-1024x345.png 1024w, https:\/\/cezear.pt\/wp-content\/uploads\/2021\/08\/3.-Imagem-Loja_Servicos-555x187.png 555w, https:\/\/cezear.pt\/wp-content\/uploads\/2021\/08\/3.-Imagem-Loja_Servicos-1110x374.png 1110w, https:\/\/cezear.pt\/wp-content\/uploads\/2021\/08\/3.-Imagem-Loja_Servicos-600x202.png 600w, https:\/\/cezear.pt\/wp-content\/uploads\/2021\/08\/3.-Imagem-Loja_Servicos.png 1192w\" data-sizes=\"(max-width: 768px) 100vw, 768px\" src=\"data:image\/svg+xml;base64,PHN2ZyB3aWR0aD0iMSIgaGVpZ2h0PSIxIiB4bWxucz0iaHR0cDovL3d3dy53My5vcmcvMjAwMC9zdmciPjwvc3ZnPg==\" style=\"--smush-placeholder-width: 768px; --smush-placeholder-aspect-ratio: 768\/259;\" \/>\t\t\t\t\t\t\t\t\t\t\t\t\t\t\t<\/div>\n\t\t\t\t<\/div>\n\t\t\t\t\t<\/div>\n\t\t<\/div>\n\t\t\t\t\t<\/div>\n\t\t<\/section>\n\t\t\t\t<div class=\"elementor-element elementor-element-9449895 elementor-widget elementor-widget-spacer\" data-id=\"9449895\" data-element_type=\"widget\" data-e-type=\"widget\" data-widget_type=\"spacer.default\">\n\t\t\t\t<div class=\"elementor-widget-container\">\n\t\t\t\t\t\t\t<div class=\"elementor-spacer\">\n\t\t\t<div class=\"elementor-spacer-inner\"><\/div>\n\t\t<\/div>\n\t\t\t\t\t\t<\/div>\n\t\t\t\t<\/div>\n\t\t\t\t\t<\/div>\n\t\t<\/div>\n\t\t\t\t\t<\/div>\n\t\t<\/section>\n\t\t\t\t<\/div>","protected":false},"excerpt":{"rendered":"<p>Fiscalistas e legalistas Equipa multifacetada\u00a0que presta a cidad\u00e3os, a contribuintes, a profissionais e \u00e0s empresas: um conjunto de servi\u00e7os alargados eminentemente na \u00e1rea da fiscalidade, da literacia comercial, contabilidade e da compreens\u00e3o e interpreta\u00e7\u00e3o dos atos de com\u00e9rcio e empresariais. Consultoria Fiscal: Opini\u00f5es e entendimentos: comunica\u00e7\u00e3o de informa\u00e7\u00e3o estritamente descritiva dos processos e regimes tribut\u00e1rios [&hellip;]<\/p>","protected":false},"author":1,"featured_media":0,"parent":0,"menu_order":0,"comment_status":"closed","ping_status":"closed","template":"","meta":{"footnotes":""},"class_list":["post-9009","page","type-page","status-publish","hentry","no-post-thumbnail"],"_links":{"self":[{"href":"https:\/\/cezear.pt\/en\/wp-json\/wp\/v2\/pages\/9009","targetHints":{"allow":["GET"]}}],"collection":[{"href":"https:\/\/cezear.pt\/en\/wp-json\/wp\/v2\/pages"}],"about":[{"href":"https:\/\/cezear.pt\/en\/wp-json\/wp\/v2\/types\/page"}],"author":[{"embeddable":true,"href":"https:\/\/cezear.pt\/en\/wp-json\/wp\/v2\/users\/1"}],"replies":[{"embeddable":true,"href":"https:\/\/cezear.pt\/en\/wp-json\/wp\/v2\/comments?post=9009"}],"version-history":[{"count":36,"href":"https:\/\/cezear.pt\/en\/wp-json\/wp\/v2\/pages\/9009\/revisions"}],"predecessor-version":[{"id":13011,"href":"https:\/\/cezear.pt\/en\/wp-json\/wp\/v2\/pages\/9009\/revisions\/13011"}],"wp:attachment":[{"href":"https:\/\/cezear.pt\/en\/wp-json\/wp\/v2\/media?parent=9009"}],"curies":[{"name":"wp","href":"https:\/\/api.w.org\/{rel}","templated":true}]}}