{"id":557,"date":"2020-05-19T22:29:03","date_gmt":"2020-05-19T22:29:03","guid":{"rendered":"https:\/\/cezear.pt\/?page_id=557"},"modified":"2026-04-16T18:26:35","modified_gmt":"2026-04-16T17:26:35","slug":"news","status":"publish","type":"page","link":"https:\/\/cezear.pt\/en\/news\/","title":{"rendered":"News"},"content":{"rendered":"<div data-elementor-type=\"wp-page\" data-elementor-id=\"557\" class=\"elementor elementor-557\" data-elementor-post-type=\"page\">\n\t\t\t\t\t\t<section class=\"elementor-section elementor-top-section elementor-element elementor-element-6e92046 elementor-section-boxed elementor-section-height-default elementor-section-height-default\" data-id=\"6e92046\" data-element_type=\"section\" data-e-type=\"section\" data-settings=\"{&quot;background_background&quot;:&quot;gradient&quot;,&quot;animation&quot;:&quot;none&quot;}\">\n\t\t\t\t\t\t\t<div class=\"elementor-background-overlay\"><\/div>\n\t\t\t\t\t\t\t<div class=\"elementor-container elementor-column-gap-default\">\n\t\t\t\t\t<div class=\"elementor-column elementor-col-33 elementor-top-column elementor-element elementor-element-802649f\" data-id=\"802649f\" data-element_type=\"column\" data-e-type=\"column\">\n\t\t\t<div class=\"elementor-widget-wrap elementor-element-populated\">\n\t\t\t\t\t\t<div class=\"elementor-element elementor-element-8c918d2 elementor-hidden-mobile elementor-widget elementor-widget-image\" data-id=\"8c918d2\" data-element_type=\"widget\" data-e-type=\"widget\" data-widget_type=\"image.default\">\n\t\t\t\t<div class=\"elementor-widget-container\">\n\t\t\t\t\t\t\t\t\t\t\t\t\t\t\t<img fetchpriority=\"high\" decoding=\"async\" width=\"189\" height=\"402\" src=\"https:\/\/cezear.pt\/wp-content\/uploads\/2021\/03\/Screenshot_2.bmp\" class=\"attachment-large size-large wp-image-1211\" alt=\"\" \/>\t\t\t\t\t\t\t\t\t\t\t\t\t\t\t<\/div>\n\t\t\t\t<\/div>\n\t\t\t\t\t<\/div>\n\t\t<\/div>\n\t\t\t\t<div class=\"elementor-column elementor-col-66 elementor-top-column elementor-element elementor-element-a068969\" data-id=\"a068969\" data-element_type=\"column\" data-e-type=\"column\" data-settings=\"{&quot;background_background&quot;:&quot;classic&quot;,&quot;background_motion_fx_motion_fx_scrolling&quot;:&quot;yes&quot;,&quot;background_motion_fx_translateY_effect&quot;:&quot;yes&quot;,&quot;background_motion_fx_devices&quot;:[&quot;mobile&quot;],&quot;background_motion_fx_translateY_speed&quot;:{&quot;unit&quot;:&quot;px&quot;,&quot;size&quot;:4,&quot;sizes&quot;:[]},&quot;background_motion_fx_translateY_affectedRange&quot;:{&quot;unit&quot;:&quot;%&quot;,&quot;size&quot;:&quot;&quot;,&quot;sizes&quot;:{&quot;start&quot;:0,&quot;end&quot;:100}}}\">\n\t\t\t<div class=\"elementor-widget-wrap elementor-element-populated\">\n\t\t\t\t\t\t<div class=\"elementor-element elementor-element-d613a42 elementor-widget elementor-widget-heading\" data-id=\"d613a42\" data-element_type=\"widget\" data-e-type=\"widget\" data-widget_type=\"heading.default\">\n\t\t\t\t<div class=\"elementor-widget-container\">\n\t\t\t\t\t<h2 class=\"elementor-heading-title elementor-size-default\">Not\u00edcias MUNDANAS<\/h2>\t\t\t\t<\/div>\n\t\t\t\t<\/div>\n\t\t\t\t<div class=\"elementor-element elementor-element-6e629f0 elementor-widget elementor-widget-spacer\" data-id=\"6e629f0\" data-element_type=\"widget\" data-e-type=\"widget\" data-widget_type=\"spacer.default\">\n\t\t\t\t<div class=\"elementor-widget-container\">\n\t\t\t\t\t\t\t<div class=\"elementor-spacer\">\n\t\t\t<div class=\"elementor-spacer-inner\"><\/div>\n\t\t<\/div>\n\t\t\t\t\t\t<\/div>\n\t\t\t\t<\/div>\n\t\t\t\t<div class=\"elementor-element elementor-element-4d8b3a0 elementor-widget elementor-widget-menu-anchor\" data-id=\"4d8b3a0\" data-element_type=\"widget\" data-e-type=\"widget\" data-widget_type=\"menu-anchor.default\">\n\t\t\t\t<div class=\"elementor-widget-container\">\n\t\t\t\t\t\t\t<div class=\"elementor-menu-anchor\" id=\"noticias\"><\/div>\n\t\t\t\t\t\t<\/div>\n\t\t\t\t<\/div>\n\t\t\t\t<div class=\"elementor-element elementor-element-1f22905 elementor-widget elementor-widget-heading\" data-id=\"1f22905\" data-element_type=\"widget\" data-e-type=\"widget\" id=\"Not\u00edcias\" data-widget_type=\"heading.default\">\n\t\t\t\t<div class=\"elementor-widget-container\">\n\t\t\t\t\t<h2 class=\"elementor-heading-title elementor-size-large\"><a href=\"https:\/\/cezear.pt\/en\/artigos-noticias-e-novidades\/\">News\/percep\u00e7\u00f5es (1.\u00ba semestre 2026)<\/a><\/h2>\t\t\t\t<\/div>\n\t\t\t\t<\/div>\n\t\t\t\t<div class=\"elementor-element elementor-element-1cbc850 elementor-widget elementor-widget-heading\" data-id=\"1cbc850\" data-element_type=\"widget\" data-e-type=\"widget\" data-widget_type=\"heading.default\">\n\t\t\t\t<div class=\"elementor-widget-container\">\n\t\t\t\t\t<h2 class=\"elementor-heading-title elementor-size-small\"><a href=\"https:\/\/cezear.pt\/en\/artigos-noticias-e-novidades\/\">Quando os verdadeiros humoristas deixam o palco \u00e9 sinal que o humor est\u00e1 normalizado<\/a><\/h2>\t\t\t\t<\/div>\n\t\t\t\t<\/div>\n\t\t\t\t<div class=\"elementor-element elementor-element-2d75780 elementor-widget elementor-widget-spacer\" data-id=\"2d75780\" data-element_type=\"widget\" data-e-type=\"widget\" data-widget_type=\"spacer.default\">\n\t\t\t\t<div class=\"elementor-widget-container\">\n\t\t\t\t\t\t\t<div class=\"elementor-spacer\">\n\t\t\t<div class=\"elementor-spacer-inner\"><\/div>\n\t\t<\/div>\n\t\t\t\t\t\t<\/div>\n\t\t\t\t<\/div>\n\t\t\t\t<div class=\"elementor-element elementor-element-182ee12 elementor-widget elementor-widget-text-editor\" data-id=\"182ee12\" data-element_type=\"widget\" data-e-type=\"widget\" data-widget_type=\"text-editor.default\">\n\t\t\t\t<div class=\"elementor-widget-container\">\n\t\t\t\t\t\t\t\t\t<p><span style=\"color: #000000;\"><strong><span style=\"color: #0000ff;\"><em>Vergonha Mundial: <\/em><\/span><\/strong><em><br \/><\/em><\/span><span style=\"color: #000000;\"><span style=\"font-family: var( --e-global-typography-text-font-family ), Sans-serif; font-weight: var( --e-global-typography-text-font-weight );\"><span style=\"color: #000000;\">A devasta\u00e7\u00e3o, viol\u00eancia, destrui\u00e7\u00e3o, conflito e dor que persiste na Ucr\u00e2nia, Gaza, Ir\u00e3o, L\u00edbano, Venezuela, Cuba t\u00eam impacto nefasto em todo o globo, principalmente sobre a canga de quem tem suporte humano. As diabruras e birras que quebram a paz e as rela\u00e7\u00f5es humanas n\u00e3o s\u00e3o brincadeiras aceit\u00e1veis, muito menos a brig\u00f5es sem calcanhar e car\u00e1cter.<\/span><br \/><\/span><span style=\"color: #993300;\"><a style=\"font-family: var( --e-global-typography-text-font-family ), Sans-serif; font-weight: var( --e-global-typography-text-font-weight ); background-color: #ffffff; color: #993300;\" href=\"https:\/\/cezear.pt\/en\/artigos-noticias-e-novidades\/#1\"><span style=\"font-family: var( --e-global-typography-text-font-family ), Sans-serif; font-weight: var( --e-global-typography-text-font-weight );\">Ler outras novidades (+)<\/span><\/a><\/span><\/span><\/p><p><span style=\"color: #000000;\"><em><span style=\"color: #0000ff;\"><b>Algarve\u00e3o<\/b>:<\/span><\/em><\/span><span style=\"color: #000000;\"><em> <br \/><\/em><span style=\"font-family: var( --e-global-typography-text-font-family ), Sans-serif; font-weight: var( --e-global-typography-text-font-weight );\">Os lugares guardam muitas mem\u00f3rias e intelig\u00eancia, a tal que agora se vende a quem n\u00e3o a tem. O planeta Terra \u00e9 um desses lugares, cada vez mais num estado rasteiro, vulgar e destinado ao dom\u00ednio dos mais incapazes. Vale que a egolatria e o devaneio ser\u00e1 esquecido. S\u00f3 a virtude, a verdade e a eleva\u00e7\u00e3o do homem bom merece brilho e afago constante.\u00a0\u00a0<\/span><\/span><br \/><span style=\"color: #993300;\"><a style=\"background-color: #ffffff; color: #993300;\" href=\"https:\/\/cezear.pt\/en\/artigos-noticias-e-novidades\/#2\"><span style=\"font-family: var( --e-global-typography-text-font-family ), Sans-serif; font-weight: var( --e-global-typography-text-font-weight );\">Ler outras not\u00edcias (+)<\/span><\/a><\/span><\/p><p><span style=\"color: #000000;\"><span style=\"font-family: var( --e-global-typography-text-font-family ), Sans-serif; font-weight: var( --e-global-typography-text-font-weight );\"><em><b><span style=\"color: #0000ff;\">Planning Rasif:<\/span><br \/><\/b><\/em><span style=\"color: #000000;\">O nosso ca\u00eds \u00fanico, embora imenso, n\u00e3o consegue comportar muitas das val\u00eancias que a sociedade, cada vez mais sofisticada, necessita. Exemplos, a disponibiliza\u00e7\u00e3o de vales gratuitos\u00a0 (porque a guerra n\u00e3o tem f\u00e9rias e o cansa\u00e7o tem efeitos negativos num ser biol\u00f3gico) de viagens interplanet\u00e1rias para recupera\u00e7\u00e3o do sono que inclua consultas de sa\u00fade mental.\u00a0<\/span><\/span><\/span><span style=\"color: #000000;\"><br \/><\/span><span style=\"color: #993300;\"><a style=\"background-color: #ffffff; color: #993300;\" href=\"https:\/\/cezear.pt\/en\/artigos-noticias-e-novidades\/#3\"><span style=\"font-family: var( --e-global-typography-text-font-family ), Sans-serif; font-weight: var( --e-global-typography-text-font-weight );\">Ler outras percep\u00e7\u00f5es (+)<\/span><\/a><\/span><\/p>\t\t\t\t\t\t\t\t<\/div>\n\t\t\t\t<\/div>\n\t\t\t\t<div class=\"elementor-element elementor-element-923182f elementor-hidden-desktop elementor-hidden-tablet elementor-widget elementor-widget-spacer\" data-id=\"923182f\" data-element_type=\"widget\" data-e-type=\"widget\" data-widget_type=\"spacer.default\">\n\t\t\t\t<div class=\"elementor-widget-container\">\n\t\t\t\t\t\t\t<div class=\"elementor-spacer\">\n\t\t\t<div class=\"elementor-spacer-inner\"><\/div>\n\t\t<\/div>\n\t\t\t\t\t\t<\/div>\n\t\t\t\t<\/div>\n\t\t\t\t<div class=\"elementor-element elementor-element-9bcaa83 elementor-hidden-mobile elementor-widget elementor-widget-spacer\" data-id=\"9bcaa83\" data-element_type=\"widget\" data-e-type=\"widget\" data-widget_type=\"spacer.default\">\n\t\t\t\t<div class=\"elementor-widget-container\">\n\t\t\t\t\t\t\t<div class=\"elementor-spacer\">\n\t\t\t<div class=\"elementor-spacer-inner\"><\/div>\n\t\t<\/div>\n\t\t\t\t\t\t<\/div>\n\t\t\t\t<\/div>\n\t\t\t\t<div class=\"elementor-element elementor-element-515071f elementor-align-right elementor-widget elementor-widget-button\" data-id=\"515071f\" data-element_type=\"widget\" data-e-type=\"widget\" data-widget_type=\"button.default\">\n\t\t\t\t<div class=\"elementor-widget-container\">\n\t\t\t\t\t\t\t\t\t<div class=\"elementor-button-wrapper\">\n\t\t\t\t\t<a class=\"elementor-button elementor-button-link elementor-size-sm\" href=\"https:\/\/cezear.pt\/en\/artigos-noticias-e-novidades\/\">\n\t\t\t\t\t\t<span class=\"elementor-button-content-wrapper\">\n\t\t\t\t\t\t\t\t\t<span class=\"elementor-button-text\">Ver hist\u00f3rico de not\u00edcias e novidades<\/span>\n\t\t\t\t\t<\/span>\n\t\t\t\t\t<\/a>\n\t\t\t\t<\/div>\n\t\t\t\t\t\t\t\t<\/div>\n\t\t\t\t<\/div>\n\t\t\t\t<div class=\"elementor-element elementor-element-34a79cd elementor-hidden-desktop elementor-hidden-tablet elementor-hidden-mobile elementor-widget elementor-widget-heading\" data-id=\"34a79cd\" data-element_type=\"widget\" data-e-type=\"widget\" data-widget_type=\"heading.default\">\n\t\t\t\t<div class=\"elementor-widget-container\">\n\t\t\t\t\t<h2 class=\"elementor-heading-title elementor-size-medium\"><a href=\"https:\/\/cezear.pt\/wp-admin\/post.php?post=3207&#038;action=elementor\">INQU\u00c9RITOS - AS RESPOSTAS FICAM CONSIGO<\/a><\/h2>\t\t\t\t<\/div>\n\t\t\t\t<\/div>\n\t\t\t\t<div class=\"elementor-element elementor-element-8fff190 elementor-hidden-desktop elementor-hidden-tablet elementor-hidden-mobile elementor-tabs-view-horizontal elementor-widget elementor-widget-tabs\" data-id=\"8fff190\" data-element_type=\"widget\" data-e-type=\"widget\" data-widget_type=\"tabs.default\">\n\t\t\t\t<div class=\"elementor-widget-container\">\n\t\t\t\t\t\t\t<div class=\"elementor-tabs\">\n\t\t\t<div class=\"elementor-tabs-wrapper\" role=\"tablist\" >\n\t\t\t\t\t\t\t\t\t<div id=\"elementor-tab-title-1501\" class=\"elementor-tab-title elementor-tab-desktop-title\" aria-selected=\"true\" data-tab=\"1\" role=\"tab\" tabindex=\"0\" aria-controls=\"elementor-tab-content-1501\" aria-expanded=\"false\">Inqu\u00e9rito 1<\/div>\n\t\t\t\t\t\t\t\t\t<div id=\"elementor-tab-title-1502\" class=\"elementor-tab-title elementor-tab-desktop-title\" aria-selected=\"false\" data-tab=\"2\" role=\"tab\" tabindex=\"-1\" aria-controls=\"elementor-tab-content-1502\" aria-expanded=\"false\">Inqu\u00e9rito 2<\/div>\n\t\t\t\t\t\t\t\t\t<div id=\"elementor-tab-title-1503\" class=\"elementor-tab-title elementor-tab-desktop-title\" aria-selected=\"false\" data-tab=\"3\" role=\"tab\" tabindex=\"-1\" aria-controls=\"elementor-tab-content-1503\" aria-expanded=\"false\">Inqu\u00e9rito 3<\/div>\n\t\t\t\t\t\t\t\t\t<div id=\"elementor-tab-title-1504\" class=\"elementor-tab-title elementor-tab-desktop-title\" aria-selected=\"false\" data-tab=\"4\" role=\"tab\" tabindex=\"-1\" aria-controls=\"elementor-tab-content-1504\" aria-expanded=\"false\">Inqu\u00e9rito 4<\/div>\n\t\t\t\t\t\t\t\t\t<div id=\"elementor-tab-title-1505\" class=\"elementor-tab-title elementor-tab-desktop-title\" aria-selected=\"false\" data-tab=\"5\" role=\"tab\" tabindex=\"-1\" aria-controls=\"elementor-tab-content-1505\" aria-expanded=\"false\">Inqu\u00e9rito 5<\/div>\n\t\t\t\t\t\t\t\t\t<div id=\"elementor-tab-title-1506\" class=\"elementor-tab-title elementor-tab-desktop-title\" aria-selected=\"false\" data-tab=\"6\" role=\"tab\" tabindex=\"-1\" aria-controls=\"elementor-tab-content-1506\" aria-expanded=\"false\">Inqu\u00e9rito 6<\/div>\n\t\t\t\t\t\t\t<\/div>\n\t\t\t<div class=\"elementor-tabs-content-wrapper\" role=\"tablist\" aria-orientation=\"vertical\">\n\t\t\t\t\t\t\t\t\t<div class=\"elementor-tab-title elementor-tab-mobile-title\" aria-selected=\"true\" data-tab=\"1\" role=\"tab\" tabindex=\"0\" aria-controls=\"elementor-tab-content-1501\" aria-expanded=\"false\">Inqu\u00e9rito 1<\/div>\n\t\t\t\t\t<div id=\"elementor-tab-content-1501\" class=\"elementor-tab-content elementor-clearfix\" data-tab=\"1\" role=\"tabpanel\" aria-labelledby=\"elementor-tab-title-1501\" tabindex=\"0\" hidden=\"false\"><p>Concorda com a mudan\u00e7a da hora (ver\u00e3o\/inverno)?<\/p><\/div>\n\t\t\t\t\t\t\t\t\t<div class=\"elementor-tab-title elementor-tab-mobile-title\" aria-selected=\"false\" data-tab=\"2\" role=\"tab\" tabindex=\"-1\" aria-controls=\"elementor-tab-content-1502\" aria-expanded=\"false\">Inqu\u00e9rito 2<\/div>\n\t\t\t\t\t<div id=\"elementor-tab-content-1502\" class=\"elementor-tab-content elementor-clearfix\" data-tab=\"2\" role=\"tabpanel\" aria-labelledby=\"elementor-tab-title-1502\" tabindex=\"0\" hidden=\"hidden\"><p>O sonho europeu do clube de Roma pode concretizar-se no centen\u00e1rio?<\/p><\/div>\n\t\t\t\t\t\t\t\t\t<div class=\"elementor-tab-title elementor-tab-mobile-title\" aria-selected=\"false\" data-tab=\"3\" role=\"tab\" tabindex=\"-1\" aria-controls=\"elementor-tab-content-1503\" aria-expanded=\"false\">Inqu\u00e9rito 3<\/div>\n\t\t\t\t\t<div id=\"elementor-tab-content-1503\" class=\"elementor-tab-content elementor-clearfix\" data-tab=\"3\" role=\"tabpanel\" aria-labelledby=\"elementor-tab-title-1503\" tabindex=\"0\" hidden=\"hidden\"><p>Uma comunidade \u00e9 o espelho da viabilidade e desenvolvimento das empresas?<\/p><\/div>\n\t\t\t\t\t\t\t\t\t<div class=\"elementor-tab-title elementor-tab-mobile-title\" aria-selected=\"false\" data-tab=\"4\" role=\"tab\" tabindex=\"-1\" aria-controls=\"elementor-tab-content-1504\" aria-expanded=\"false\">Inqu\u00e9rito 4<\/div>\n\t\t\t\t\t<div id=\"elementor-tab-content-1504\" class=\"elementor-tab-content elementor-clearfix\" data-tab=\"4\" role=\"tabpanel\" aria-labelledby=\"elementor-tab-title-1504\" tabindex=\"0\" hidden=\"hidden\"><p>Uma comunidade liderada por s\u00e1bios e intelectuais seria uma solu\u00e7\u00e3o de sucesso?<\/p><\/div>\n\t\t\t\t\t\t\t\t\t<div class=\"elementor-tab-title elementor-tab-mobile-title\" aria-selected=\"false\" data-tab=\"5\" role=\"tab\" tabindex=\"-1\" aria-controls=\"elementor-tab-content-1505\" aria-expanded=\"false\">Inqu\u00e9rito 5<\/div>\n\t\t\t\t\t<div id=\"elementor-tab-content-1505\" class=\"elementor-tab-content elementor-clearfix\" data-tab=\"5\" role=\"tabpanel\" aria-labelledby=\"elementor-tab-title-1505\" tabindex=\"0\" hidden=\"hidden\"><p>As emo\u00e7\u00f5es em redor dos grandes palcos t\u00eam maestros calculistas?<\/p><\/div>\n\t\t\t\t\t\t\t\t\t<div class=\"elementor-tab-title elementor-tab-mobile-title\" aria-selected=\"false\" data-tab=\"6\" role=\"tab\" tabindex=\"-1\" aria-controls=\"elementor-tab-content-1506\" aria-expanded=\"false\">Inqu\u00e9rito 6<\/div>\n\t\t\t\t\t<div id=\"elementor-tab-content-1506\" class=\"elementor-tab-content elementor-clearfix\" data-tab=\"6\" role=\"tabpanel\" aria-labelledby=\"elementor-tab-title-1506\" tabindex=\"0\" hidden=\"hidden\"><p>Concorda com um SMN de 2.500 euros\/m\u00eas<\/p><\/div>\n\t\t\t\t\t\t\t<\/div>\n\t\t<\/div>\n\t\t\t\t\t\t<\/div>\n\t\t\t\t<\/div>\n\t\t\t\t<div class=\"elementor-element elementor-element-60840bf elementor-hidden-desktop elementor-hidden-tablet elementor-hidden-mobile elementor-widget elementor-widget-text-editor\" data-id=\"60840bf\" data-element_type=\"widget\" data-e-type=\"widget\" data-widget_type=\"text-editor.default\">\n\t\t\t\t<div class=\"elementor-widget-container\">\n\t\t\t\t\t\t\t\t\t<p style=\"text-align: center;\"><strong><a href=\"https:\/\/cezear.pt\/wp-admin\/post.php?post=3207&amp;action=elementor\">Ver todos os inqu\u00e9ritos<\/a><\/strong><\/p>\t\t\t\t\t\t\t\t<\/div>\n\t\t\t\t<\/div>\n\t\t\t\t\t<\/div>\n\t\t<\/div>\n\t\t\t\t\t<\/div>\n\t\t<\/section>\n\t\t\t\t<\/div>","protected":false},"excerpt":{"rendered":"<p>Not\u00edcias MUNDANAS News\/percep\u00e7\u00f5es (1.\u00ba semestre 2026) Quando os verdadeiros humoristas deixam o palco \u00e9 sinal que o humor est\u00e1 normalizado Vergonha Mundial: A devasta\u00e7\u00e3o, viol\u00eancia, destrui\u00e7\u00e3o, conflito e dor que persiste na Ucr\u00e2nia, Gaza, Ir\u00e3o, L\u00edbano, Venezuela, Cuba t\u00eam impacto nefasto em todo o globo, principalmente sobre a canga de quem tem suporte humano. As [&hellip;]<\/p>","protected":false},"author":1,"featured_media":0,"parent":0,"menu_order":0,"comment_status":"closed","ping_status":"closed","template":"","meta":{"footnotes":""},"class_list":["post-557","page","type-page","status-publish","hentry","no-post-thumbnail"],"_links":{"self":[{"href":"https:\/\/cezear.pt\/en\/wp-json\/wp\/v2\/pages\/557","targetHints":{"allow":["GET"]}}],"collection":[{"href":"https:\/\/cezear.pt\/en\/wp-json\/wp\/v2\/pages"}],"about":[{"href":"https:\/\/cezear.pt\/en\/wp-json\/wp\/v2\/types\/page"}],"author":[{"embeddable":true,"href":"https:\/\/cezear.pt\/en\/wp-json\/wp\/v2\/users\/1"}],"replies":[{"embeddable":true,"href":"https:\/\/cezear.pt\/en\/wp-json\/wp\/v2\/comments?post=557"}],"version-history":[{"count":766,"href":"https:\/\/cezear.pt\/en\/wp-json\/wp\/v2\/pages\/557\/revisions"}],"predecessor-version":[{"id":13161,"href":"https:\/\/cezear.pt\/en\/wp-json\/wp\/v2\/pages\/557\/revisions\/13161"}],"wp:attachment":[{"href":"https:\/\/cezear.pt\/en\/wp-json\/wp\/v2\/media?parent=557"}],"curies":[{"name":"wp","href":"https:\/\/api.w.org\/{rel}","templated":true}]}}