{"id":5555,"date":"2022-02-17T19:41:48","date_gmt":"2022-02-17T19:41:48","guid":{"rendered":"https:\/\/cezear.pt\/?page_id=5555"},"modified":"2025-12-06T19:38:46","modified_gmt":"2025-12-06T18:38:46","slug":"livros-documentos-rejeitados","status":"publish","type":"page","link":"https:\/\/cezear.pt\/en\/livros-documentos-rejeitados\/","title":{"rendered":"Asilo dos rejeitados"},"content":{"rendered":"<div data-elementor-type=\"wp-page\" data-elementor-id=\"5555\" class=\"elementor elementor-5555\" data-elementor-post-type=\"page\">\n\t\t\t\t\t\t<section class=\"elementor-section elementor-top-section elementor-element elementor-element-158aa34 elementor-section-boxed elementor-section-height-default elementor-section-height-default\" data-id=\"158aa34\" data-element_type=\"section\" data-e-type=\"section\">\n\t\t\t\t\t\t<div class=\"elementor-container elementor-column-gap-default\">\n\t\t\t\t\t<div class=\"elementor-column elementor-col-100 elementor-top-column elementor-element elementor-element-2fcfb3c\" data-id=\"2fcfb3c\" data-element_type=\"column\" data-e-type=\"column\">\n\t\t\t<div class=\"elementor-widget-wrap elementor-element-populated\">\n\t\t\t\t\t\t<div class=\"elementor-element elementor-element-c9f2565 elementor-widget elementor-widget-image\" data-id=\"c9f2565\" data-element_type=\"widget\" data-e-type=\"widget\" data-widget_type=\"image.default\">\n\t\t\t\t<div class=\"elementor-widget-container\">\n\t\t\t\t\t\t\t\t\t\t\t\t\t\t\t<img decoding=\"async\" width=\"150\" height=\"91\" data-src=\"https:\/\/cezear.pt\/wp-content\/uploads\/2021\/09\/SE3-e1633128668125-150x91.png\" class=\"attachment-thumbnail size-thumbnail wp-image-2152 lazyload\" alt=\"Doxa Signe\" src=\"data:image\/svg+xml;base64,PHN2ZyB3aWR0aD0iMSIgaGVpZ2h0PSIxIiB4bWxucz0iaHR0cDovL3d3dy53My5vcmcvMjAwMC9zdmciPjwvc3ZnPg==\" style=\"--smush-placeholder-width: 150px; --smush-placeholder-aspect-ratio: 150\/91;\" \/>\t\t\t\t\t\t\t\t\t\t\t\t\t\t\t<\/div>\n\t\t\t\t<\/div>\n\t\t\t\t<div class=\"elementor-element elementor-element-a163dd3 elementor-widget elementor-widget-heading\" data-id=\"a163dd3\" data-element_type=\"widget\" data-e-type=\"widget\" data-widget_type=\"heading.default\">\n\t\t\t\t<div class=\"elementor-widget-container\">\n\t\t\t\t\t<h1 class=\"elementor-heading-title elementor-size-default\">DOXA SIGNE, AI<\/h1>\t\t\t\t<\/div>\n\t\t\t\t<\/div>\n\t\t\t\t<div class=\"elementor-element elementor-element-987c8d7 elementor-widget elementor-widget-text-editor\" data-id=\"987c8d7\" data-element_type=\"widget\" data-e-type=\"widget\" data-widget_type=\"text-editor.default\">\n\t\t\t\t<div class=\"elementor-widget-container\">\n\t\t\t\t\t\t\t\t\t<p style=\"text-align: center;\"><span style=\"color: #b89e39;\"><strong>SUSTENTABILIDADE E CRIA\u00c7\u00c3O LITER\u00c1RIA<\/strong><\/span><\/p>\t\t\t\t\t\t\t\t<\/div>\n\t\t\t\t<\/div>\n\t\t\t\t\t<\/div>\n\t\t<\/div>\n\t\t\t\t\t<\/div>\n\t\t<\/section>\n\t\t\t\t<section class=\"elementor-section elementor-top-section elementor-element elementor-element-baf087a elementor-section-stretched elementor-section-boxed elementor-section-height-default elementor-section-height-default\" data-id=\"baf087a\" data-element_type=\"section\" data-e-type=\"section\" data-settings=\"{&quot;stretch_section&quot;:&quot;section-stretched&quot;,&quot;background_background&quot;:&quot;classic&quot;}\">\n\t\t\t\t\t\t<div class=\"elementor-container elementor-column-gap-default\">\n\t\t\t\t\t<div class=\"elementor-column elementor-col-100 elementor-top-column elementor-element elementor-element-15ccb86\" data-id=\"15ccb86\" data-element_type=\"column\" data-e-type=\"column\">\n\t\t\t<div class=\"elementor-widget-wrap\">\n\t\t\t\t\t\t\t<\/div>\n\t\t<\/div>\n\t\t\t\t\t<\/div>\n\t\t<\/section>\n\t\t\t\t<section class=\"elementor-section elementor-top-section elementor-element elementor-element-4f187ea elementor-section-boxed elementor-section-height-default elementor-section-height-default\" data-id=\"4f187ea\" data-element_type=\"section\" data-e-type=\"section\">\n\t\t\t\t\t\t<div class=\"elementor-container elementor-column-gap-default\">\n\t\t\t\t\t<div class=\"elementor-column elementor-col-100 elementor-top-column elementor-element elementor-element-1f2597b\" data-id=\"1f2597b\" data-element_type=\"column\" data-e-type=\"column\">\n\t\t\t<div class=\"elementor-widget-wrap elementor-element-populated\">\n\t\t\t\t\t\t<div class=\"elementor-element elementor-element-27d4a8e elementor--h-position-center elementor--v-position-middle elementor-arrows-position-inside elementor-pagination-position-inside elementor-widget elementor-widget-slides\" data-id=\"27d4a8e\" data-element_type=\"widget\" data-e-type=\"widget\" data-settings=\"{&quot;navigation&quot;:&quot;both&quot;,&quot;autoplay&quot;:&quot;yes&quot;,&quot;pause_on_hover&quot;:&quot;yes&quot;,&quot;pause_on_interaction&quot;:&quot;yes&quot;,&quot;autoplay_speed&quot;:5000,&quot;infinite&quot;:&quot;yes&quot;,&quot;transition&quot;:&quot;slide&quot;,&quot;transition_speed&quot;:500}\" data-widget_type=\"slides.default\">\n\t\t\t\t<div class=\"elementor-widget-container\">\n\t\t\t\t\t\t\t\t\t<div class=\"elementor-swiper\">\n\t\t\t\t\t<div class=\"elementor-slides-wrapper elementor-main-swiper swiper\" role=\"region\" aria-roledescription=\"carousel\" aria-label=\"Slides\" dir=\"ltr\" data-animation=\"fadeInDown\" data-no-translation-aria-label=\"\">\n\t\t\t\t<div class=\"swiper-wrapper elementor-slides\">\n\t\t\t\t\t\t\t\t\t\t<div class=\"elementor-repeater-item-743ae71 swiper-slide\" role=\"group\" aria-roledescription=\"slide\"><div class=\"swiper-slide-bg\"><\/div><div class=\"swiper-slide-inner\" ><div class=\"swiper-slide-contents\"><div class=\"elementor-slide-heading\">Asilo dos Rejeitados<\/div><div class=\"elementor-slide-description\">Biblioteca de Manuscritos n\u00e3o publicados<\/div><div  class=\"elementor-button elementor-slide-button elementor-size-sm\">em l\u00edngua portuguesa (Brasil, Palop's, Portugal, Timor-Leste, Macau) - envie as suas preciosidades para o nosso e-mail para serem guardadas e divulgadas pelo DOXA SIGNE. <\/div><\/div><\/div><\/div>\t\t\t\t<\/div>\n\t\t\t\t\t\t\t<\/div>\n\t\t\t\t<\/div>\n\t\t\t\t\t\t\t\t<\/div>\n\t\t\t\t<\/div>\n\t\t\t\t\t<\/div>\n\t\t<\/div>\n\t\t\t\t\t<\/div>\n\t\t<\/section>\n\t\t\t\t<section class=\"elementor-section elementor-top-section elementor-element elementor-element-2e54289 elementor-section-boxed elementor-section-height-default elementor-section-height-default\" data-id=\"2e54289\" data-element_type=\"section\" data-e-type=\"section\">\n\t\t\t\t\t\t<div class=\"elementor-container elementor-column-gap-default\">\n\t\t\t\t\t<div class=\"elementor-column elementor-col-100 elementor-top-column elementor-element elementor-element-9b819e3\" data-id=\"9b819e3\" data-element_type=\"column\" data-e-type=\"column\">\n\t\t\t<div class=\"elementor-widget-wrap\">\n\t\t\t\t\t\t\t<\/div>\n\t\t<\/div>\n\t\t\t\t\t<\/div>\n\t\t<\/section>\n\t\t\t\t<section class=\"elementor-section elementor-top-section elementor-element elementor-element-4ce070a elementor-section-boxed elementor-section-height-default elementor-section-height-default\" data-id=\"4ce070a\" data-element_type=\"section\" data-e-type=\"section\">\n\t\t\t\t\t\t<div class=\"elementor-container elementor-column-gap-default\">\n\t\t\t\t\t<div class=\"elementor-column elementor-col-100 elementor-top-column elementor-element elementor-element-f4d6195\" data-id=\"f4d6195\" data-element_type=\"column\" data-e-type=\"column\">\n\t\t\t<div class=\"elementor-widget-wrap elementor-element-populated\">\n\t\t\t\t\t\t<div class=\"elementor-element elementor-element-b10ae41 elementor-widget-divider--view-line elementor-widget elementor-widget-divider\" data-id=\"b10ae41\" data-element_type=\"widget\" data-e-type=\"widget\" data-widget_type=\"divider.default\">\n\t\t\t\t<div class=\"elementor-widget-container\">\n\t\t\t\t\t\t\t<div class=\"elementor-divider\">\n\t\t\t<span class=\"elementor-divider-separator\">\n\t\t\t\t\t\t<\/span>\n\t\t<\/div>\n\t\t\t\t\t\t<\/div>\n\t\t\t\t<\/div>\n\t\t\t\t<div class=\"elementor-element elementor-element-496118f elementor-widget elementor-widget-heading\" data-id=\"496118f\" data-element_type=\"widget\" data-e-type=\"widget\" data-widget_type=\"heading.default\">\n\t\t\t\t<div class=\"elementor-widget-container\">\n\t\t\t\t\t<h6 class=\"elementor-heading-title elementor-size-default\">Escritores e candidatos a \"eruditos\"<\/h6>\t\t\t\t<\/div>\n\t\t\t\t<\/div>\n\t\t\t\t\t<\/div>\n\t\t<\/div>\n\t\t\t\t\t<\/div>\n\t\t<\/section>\n\t\t\t\t<section class=\"elementor-section elementor-top-section elementor-element elementor-element-8ba5db9 elementor-section-boxed elementor-section-height-default elementor-section-height-default\" data-id=\"8ba5db9\" data-element_type=\"section\" data-e-type=\"section\">\n\t\t\t\t\t\t<div class=\"elementor-container elementor-column-gap-default\">\n\t\t\t\t\t<div class=\"elementor-column elementor-col-100 elementor-top-column elementor-element elementor-element-692ef2a\" data-id=\"692ef2a\" data-element_type=\"column\" data-e-type=\"column\">\n\t\t\t<div class=\"elementor-widget-wrap elementor-element-populated\">\n\t\t\t\t\t\t<div class=\"elementor-element elementor-element-593a4b7 elementor-widget elementor-widget-text-editor\" data-id=\"593a4b7\" data-element_type=\"widget\" data-e-type=\"widget\" data-widget_type=\"text-editor.default\">\n\t\t\t\t<div class=\"elementor-widget-container\">\n\t\t\t\t\t\t\t\t\t<p>\u00c9 um n\u00famero desconhecido, mas ser\u00e3o muitos aqueles que escrevem em l\u00edngua portuguesa por puro prazer ou por uma necessidade interior. H\u00e1 quem escreva: Di\u00e1rios; Romances; Cr\u00f3nicas; Poesia; Ensaios; Livros infantis; Religi\u00e3o e espiritualidade; Biografias; Documentos t\u00e9cnicos, entre outros g\u00e9neros liter\u00e1rios.<\/p><p>A escrita \u00e9 um atributo pessoal, solit\u00e1rio e com mais ou menos talento, a cria\u00e7\u00e3o definir\u00e1 diferentes temas e estilos. A divulga\u00e7\u00e3o dos escritos n\u00e3o \u00e9 f\u00e1cil (seja pela critica liter\u00e1ria que \u00e9 &#8211; ou n\u00e3o &#8211; feita, seja pela compara\u00e7\u00e3o com autores consagrados, ou porque a moda vai noutro sentido), e por isso, muitos s\u00e3o os manuscritos n\u00e3o publicados ou editados (de modo comercial).<\/p><p>Cada escritor \u00e9 \u00fanico e n\u00e3o replic\u00e1vel, afinal \u00ab<em>cada p\u00e1ssaro canta conforme o bico que tem<\/em>\u00bb<\/p><p>O Asilo dar\u00e1 destaque (com possibilidade de men\u00e7\u00e3o na <a href=\"https:\/\/cezear.pt\/en\/subscrever-newsletter\/\">newsletter BEz<\/a> (no espa\u00e7o &#8220;tributo \u00e0s Artes&#8221; ou na revista Lazer &amp; Neg\u00f3cios &#8211; Algarve), mas no m\u00ednimo oferecemos um lugar online onde os escritos possam repousar (para serem lidos e consultados), de modo universal, desde que sejam originais e escritos com respeito pelo potencial leitor.<\/p><p>Continue a escrever (sobre ideias), em nome pr\u00f3prio ou por pseud\u00f3nimo, pois o g\u00e9nio pode desabrochar em cada pensamento, em cada fic\u00e7\u00e3o, afinal a boa literatura \u00e9 aquela que nos toca no fundo. No Asilo dos Rejeitados, ignoraremos as regras da sintaxe e\/ou se nasceu, ou n\u00e3o, para as letras ou a erudi\u00e7\u00e3o. Aceitaremos todos os g\u00e9neros desde que demonstrem ter sido escritos com nobreza de esp\u00edrito.<\/p><p>Porque n\u00e3o desiludir\u00e1 editores nacionais e internacionais nem agentes liter\u00e1rios, ficamos \u00e0 espera do seu texto em PDF, cheio de si.<\/p>\t\t\t\t\t\t\t\t<\/div>\n\t\t\t\t<\/div>\n\t\t\t\t<div class=\"elementor-element elementor-element-2c500d3 elementor-widget elementor-widget-text-editor\" data-id=\"2c500d3\" data-element_type=\"widget\" data-e-type=\"widget\" data-widget_type=\"text-editor.default\">\n\t\t\t\t<div class=\"elementor-widget-container\">\n\t\t\t\t\t\t\t\t\t<p>e-mail: doxasigne@cezear.pt<\/p>\t\t\t\t\t\t\t\t<\/div>\n\t\t\t\t<\/div>\n\t\t\t\t\t<\/div>\n\t\t<\/div>\n\t\t\t\t\t<\/div>\n\t\t<\/section>\n\t\t\t\t<\/div>","protected":false},"excerpt":{"rendered":"<p>DOXA SIGNE, AI SUSTENTABILIDADE E CRIA\u00c7\u00c3O LITER\u00c1RIA Asilo dos RejeitadosBiblioteca de Manuscritos n\u00e3o publicadosem l\u00edngua portuguesa (Brasil, Palop&#8217;s, Portugal, Timor-Leste, Macau) &#8211; envie as suas preciosidades para o nosso e-mail para serem guardadas e divulgadas pelo DOXA SIGNE. Escritores e candidatos a &#8220;eruditos&#8221; \u00c9 um n\u00famero desconhecido, mas ser\u00e3o muitos aqueles que escrevem em l\u00edngua [&hellip;]<\/p>","protected":false},"author":1,"featured_media":0,"parent":0,"menu_order":0,"comment_status":"closed","ping_status":"closed","template":"","meta":{"footnotes":""},"class_list":["post-5555","page","type-page","status-publish","hentry","no-post-thumbnail"],"_links":{"self":[{"href":"https:\/\/cezear.pt\/en\/wp-json\/wp\/v2\/pages\/5555","targetHints":{"allow":["GET"]}}],"collection":[{"href":"https:\/\/cezear.pt\/en\/wp-json\/wp\/v2\/pages"}],"about":[{"href":"https:\/\/cezear.pt\/en\/wp-json\/wp\/v2\/types\/page"}],"author":[{"embeddable":true,"href":"https:\/\/cezear.pt\/en\/wp-json\/wp\/v2\/users\/1"}],"replies":[{"embeddable":true,"href":"https:\/\/cezear.pt\/en\/wp-json\/wp\/v2\/comments?post=5555"}],"version-history":[{"count":48,"href":"https:\/\/cezear.pt\/en\/wp-json\/wp\/v2\/pages\/5555\/revisions"}],"predecessor-version":[{"id":12939,"href":"https:\/\/cezear.pt\/en\/wp-json\/wp\/v2\/pages\/5555\/revisions\/12939"}],"wp:attachment":[{"href":"https:\/\/cezear.pt\/en\/wp-json\/wp\/v2\/media?parent=5555"}],"curies":[{"name":"wp","href":"https:\/\/api.w.org\/{rel}","templated":true}]}}