{"id":4017,"date":"2021-12-14T23:50:40","date_gmt":"2021-12-14T23:50:40","guid":{"rendered":"https:\/\/cezear.pt\/?page_id=4017"},"modified":"2025-11-23T03:48:12","modified_gmt":"2025-11-23T02:48:12","slug":"doxasigne","status":"publish","type":"page","link":"https:\/\/cezear.pt\/en\/doxasigne\/","title":{"rendered":"Doxa Signe, AI"},"content":{"rendered":"<div data-elementor-type=\"wp-page\" data-elementor-id=\"4017\" class=\"elementor elementor-4017\" data-elementor-post-type=\"page\">\n\t\t\t\t\t\t<section class=\"elementor-section elementor-top-section elementor-element elementor-element-158aa34 elementor-section-boxed elementor-section-height-default elementor-section-height-default\" data-id=\"158aa34\" data-element_type=\"section\" data-e-type=\"section\">\n\t\t\t\t\t\t<div class=\"elementor-container elementor-column-gap-default\">\n\t\t\t\t\t<div class=\"elementor-column elementor-col-100 elementor-top-column elementor-element elementor-element-2fcfb3c\" data-id=\"2fcfb3c\" data-element_type=\"column\" data-e-type=\"column\">\n\t\t\t<div class=\"elementor-widget-wrap elementor-element-populated\">\n\t\t\t\t\t\t<div class=\"elementor-element elementor-element-c9f2565 elementor-widget elementor-widget-image\" data-id=\"c9f2565\" data-element_type=\"widget\" data-e-type=\"widget\" data-widget_type=\"image.default\">\n\t\t\t\t<div class=\"elementor-widget-container\">\n\t\t\t\t\t\t\t\t\t\t\t\t\t\t\t<img decoding=\"async\" width=\"150\" height=\"91\" data-src=\"https:\/\/cezear.pt\/wp-content\/uploads\/2021\/09\/SE3-e1633128668125-150x91.png\" class=\"attachment-thumbnail size-thumbnail wp-image-2152 lazyload\" alt=\"Doxa Signe\" src=\"data:image\/svg+xml;base64,PHN2ZyB3aWR0aD0iMSIgaGVpZ2h0PSIxIiB4bWxucz0iaHR0cDovL3d3dy53My5vcmcvMjAwMC9zdmciPjwvc3ZnPg==\" style=\"--smush-placeholder-width: 150px; --smush-placeholder-aspect-ratio: 150\/91;\" \/>\t\t\t\t\t\t\t\t\t\t\t\t\t\t\t<\/div>\n\t\t\t\t<\/div>\n\t\t\t\t<div class=\"elementor-element elementor-element-a163dd3 elementor-widget elementor-widget-heading\" data-id=\"a163dd3\" data-element_type=\"widget\" data-e-type=\"widget\" data-widget_type=\"heading.default\">\n\t\t\t\t<div class=\"elementor-widget-container\">\n\t\t\t\t\t<h1 class=\"elementor-heading-title elementor-size-default\">DOXA SIGNE, AI<\/h1>\t\t\t\t<\/div>\n\t\t\t\t<\/div>\n\t\t\t\t<div class=\"elementor-element elementor-element-987c8d7 elementor-widget elementor-widget-text-editor\" data-id=\"987c8d7\" data-element_type=\"widget\" data-e-type=\"widget\" data-widget_type=\"text-editor.default\">\n\t\t\t\t<div class=\"elementor-widget-container\">\n\t\t\t\t\t\t\t\t\t<p style=\"text-align: center;\"><span style=\"color: #b89e39;\"><strong>SUSTENTABILIDADE E CRIA\u00c7\u00c3O LITER\u00c1RIA<\/strong><\/span><\/p>\t\t\t\t\t\t\t\t<\/div>\n\t\t\t\t<\/div>\n\t\t\t\t\t<\/div>\n\t\t<\/div>\n\t\t\t\t\t<\/div>\n\t\t<\/section>\n\t\t\t\t<section class=\"elementor-section elementor-top-section elementor-element elementor-element-baf087a elementor-section-stretched elementor-section-boxed elementor-section-height-default elementor-section-height-default\" data-id=\"baf087a\" data-element_type=\"section\" data-e-type=\"section\" data-settings=\"{&quot;stretch_section&quot;:&quot;section-stretched&quot;,&quot;background_background&quot;:&quot;classic&quot;}\">\n\t\t\t\t\t\t<div class=\"elementor-container elementor-column-gap-default\">\n\t\t\t\t\t<div class=\"elementor-column elementor-col-100 elementor-top-column elementor-element elementor-element-15ccb86\" data-id=\"15ccb86\" data-element_type=\"column\" data-e-type=\"column\">\n\t\t\t<div class=\"elementor-widget-wrap\">\n\t\t\t\t\t\t\t<\/div>\n\t\t<\/div>\n\t\t\t\t\t<\/div>\n\t\t<\/section>\n\t\t\t\t<section class=\"elementor-section elementor-top-section elementor-element elementor-element-4f187ea elementor-section-boxed elementor-section-height-default elementor-section-height-default\" data-id=\"4f187ea\" data-element_type=\"section\" data-e-type=\"section\">\n\t\t\t\t\t\t<div class=\"elementor-container elementor-column-gap-default\">\n\t\t\t\t\t<div class=\"elementor-column elementor-col-100 elementor-top-column elementor-element elementor-element-1f2597b\" data-id=\"1f2597b\" data-element_type=\"column\" data-e-type=\"column\">\n\t\t\t<div class=\"elementor-widget-wrap elementor-element-populated\">\n\t\t\t\t\t\t<div class=\"elementor-element elementor-element-27d4a8e elementor--h-position-center elementor--v-position-middle elementor-arrows-position-inside elementor-pagination-position-inside elementor-widget elementor-widget-slides\" data-id=\"27d4a8e\" data-element_type=\"widget\" data-e-type=\"widget\" data-settings=\"{&quot;navigation&quot;:&quot;both&quot;,&quot;autoplay&quot;:&quot;yes&quot;,&quot;pause_on_hover&quot;:&quot;yes&quot;,&quot;pause_on_interaction&quot;:&quot;yes&quot;,&quot;autoplay_speed&quot;:5000,&quot;infinite&quot;:&quot;yes&quot;,&quot;transition&quot;:&quot;slide&quot;,&quot;transition_speed&quot;:500}\" data-widget_type=\"slides.default\">\n\t\t\t\t<div class=\"elementor-widget-container\">\n\t\t\t\t\t\t\t\t\t<div class=\"elementor-swiper\">\n\t\t\t\t\t<div class=\"elementor-slides-wrapper elementor-main-swiper swiper\" role=\"region\" aria-roledescription=\"carousel\" aria-label=\"Slides\" dir=\"ltr\" data-animation=\"fadeInLeft\">\n\t\t\t\t<div class=\"swiper-wrapper elementor-slides\">\n\t\t\t\t\t\t\t\t\t\t<div class=\"elementor-repeater-item-8c8f90c swiper-slide\" role=\"group\" aria-roledescription=\"slide\"><div class=\"swiper-slide-bg\"><\/div><a class=\"swiper-slide-inner\" href=\"https:\/\/cezear.pt\/en\/evolucao-humana\/\"><div class=\"swiper-slide-contents\"><div class=\"elementor-slide-heading\">Outros S@beres<\/div><div class=\"elementor-slide-description\">A Evolu\u00e7\u00e3o Humana <\/div><div  class=\"elementor-button elementor-slide-button elementor-size-sm\">Pot\u00eancia de l\u00edngua nos textos (H)esquecidos, desde: \u00abGeopol\u00edtica e Seguran\u00e7a\u00bb; \u00abSa\u00fade e Seguran\u00e7a no trabalho\u00bb; \u00abSustentabilidade ambiental e corporativa\u00bb; \u00abVida econ\u00f3mica e Digital\u00bb. Se quer aceder a textos pertinentes do CESE\/CRE-UE)  clique no slide (+ Saber mais)<\/div><\/div><\/a><\/div><div class=\"elementor-repeater-item-dc1e2fc swiper-slide\" role=\"group\" aria-roledescription=\"slide\"><div class=\"swiper-slide-bg\"><\/div><div class=\"swiper-slide-inner\" ><div class=\"swiper-slide-contents\"><div class=\"elementor-slide-heading\">Opini\u00e3o com Assinatura<\/div><div class=\"elementor-slide-description\">Cria\u00e7\u00e3o Liter\u00e1ria\/Log\u00f3grafo<\/div><div  class=\"elementor-button elementor-slide-button elementor-size-sm\">textos para mass-media<\/div><\/div><\/div><\/div><div class=\"elementor-repeater-item-743ae71 swiper-slide\" role=\"group\" aria-roledescription=\"slide\"><div class=\"swiper-slide-bg\"><\/div><a class=\"swiper-slide-inner\" href=\"https:\/\/cezear.pt\/en\/livros-documentos-rejeitados\/\"><div class=\"swiper-slide-contents\"><div class=\"elementor-slide-heading\">Asilo dos Rejeitados<\/div><div class=\"elementor-slide-description\">Biblioteca de Manuscritos n\u00e3o publicados<\/div><div  class=\"elementor-button elementor-slide-button elementor-size-sm\">\u00c9 um g\u00e9nio incompreendido que pensa e escreve em l\u00edngua portuguesa? (Brasil, Palop's, Portugal, Timor-Leste, Macau) - Sim!, ent\u00e3o envie as suas preciosidades para o nosso e-mail para serem guardadas e divulgadas pelo DOXA SIGNE. Clique neste slide (+ Saber mais)<\/div><\/div><\/a><\/div><div class=\"elementor-repeater-item-1a1c276 swiper-slide\" role=\"group\" aria-roledescription=\"slide\"><div class=\"swiper-slide-bg\"><\/div><div class=\"swiper-slide-inner\" ><div class=\"swiper-slide-contents\"><div class=\"elementor-slide-heading\">Fus\u00e3o de Contextos<\/div><div class=\"elementor-slide-description\">Revis\u00e3o Liter\u00e1ria e Kamasutra das Posi\u00e7\u00f5es Financeiras<\/div><div  class=\"elementor-button elementor-slide-button elementor-size-sm\">Dom\u00ednio das Contas: Fazemos as vestes que d\u00e3o a imagem do seu neg\u00f3cio. Definimos os contornos do relato integrado (financeiro e n\u00e3o financeiro). Elaboramos textos contextualizados \u00e0 dimens\u00e3o e complexidade dos n\u00fameros <\/div><\/div><\/div><\/div><div class=\"elementor-repeater-item-3d3a4bb swiper-slide\" role=\"group\" aria-roledescription=\"slide\"><div class=\"swiper-slide-bg\"><\/div><div class=\"swiper-slide-inner\" ><div class=\"swiper-slide-contents\"><div class=\"elementor-slide-heading\">Explora\u00e7\u00e3o Florestal e Silvicultura<\/div><div class=\"elementor-slide-description\">Consultadoria em Sustentabilidade Corporativa<\/div><div  class=\"elementor-button elementor-slide-button elementor-size-sm\">Finan\u00e7as sustent\u00e1veis, Eventos e Projectos<\/div><\/div><\/div><\/div>\t\t\t\t<\/div>\n\t\t\t\t\t\t\t\t\t\t\t\t\t\t\t<div class=\"elementor-swiper-button elementor-swiper-button-prev\" role=\"button\" tabindex=\"0\" aria-label=\"Previous slide\">\n\t\t\t\t\t\t\t<i aria-hidden=\"true\" class=\"eicon-chevron-left\"><\/i>\t\t\t\t\t\t<\/div>\n\t\t\t\t\t\t<div class=\"elementor-swiper-button elementor-swiper-button-next\" role=\"button\" tabindex=\"0\" aria-label=\"Next slide\">\n\t\t\t\t\t\t\t<i aria-hidden=\"true\" class=\"eicon-chevron-right\"><\/i>\t\t\t\t\t\t<\/div>\n\t\t\t\t\t\t\t\t\t\t\t\t\t\t\t\t<div class=\"swiper-pagination\"><\/div>\n\t\t\t\t\t\t\t\t\t\t\t\t<\/div>\n\t\t\t\t<\/div>\n\t\t\t\t\t\t\t\t<\/div>\n\t\t\t\t<\/div>\n\t\t\t\t\t<\/div>\n\t\t<\/div>\n\t\t\t\t\t<\/div>\n\t\t<\/section>\n\t\t\t\t<section class=\"elementor-section elementor-top-section elementor-element elementor-element-2e54289 elementor-section-boxed elementor-section-height-default elementor-section-height-default\" data-id=\"2e54289\" data-element_type=\"section\" data-e-type=\"section\">\n\t\t\t\t\t\t<div class=\"elementor-container elementor-column-gap-default\">\n\t\t\t\t\t<div class=\"elementor-column elementor-col-100 elementor-top-column elementor-element elementor-element-9b819e3\" data-id=\"9b819e3\" data-element_type=\"column\" data-e-type=\"column\">\n\t\t\t<div class=\"elementor-widget-wrap elementor-element-populated\">\n\t\t\t\t\t\t<div class=\"elementor-element elementor-element-2c500d3 elementor-widget elementor-widget-text-editor\" data-id=\"2c500d3\" data-element_type=\"widget\" data-e-type=\"widget\" data-widget_type=\"text-editor.default\">\n\t\t\t\t<div class=\"elementor-widget-container\">\n\t\t\t\t\t\t\t\t\t<p>e-mail: doxasigne@cezear.pt<\/p>\t\t\t\t\t\t\t\t<\/div>\n\t\t\t\t<\/div>\n\t\t\t\t\t<\/div>\n\t\t<\/div>\n\t\t\t\t\t<\/div>\n\t\t<\/section>\n\t\t\t\t<section class=\"elementor-section elementor-top-section elementor-element elementor-element-0cccc52 elementor-section-boxed elementor-section-height-default elementor-section-height-default\" data-id=\"0cccc52\" data-element_type=\"section\" data-e-type=\"section\">\n\t\t\t\t\t\t<div class=\"elementor-container elementor-column-gap-default\">\n\t\t\t\t\t<div class=\"elementor-column elementor-col-100 elementor-top-column elementor-element elementor-element-0ea9d1a\" data-id=\"0ea9d1a\" data-element_type=\"column\" data-e-type=\"column\">\n\t\t\t<div class=\"elementor-widget-wrap elementor-element-populated\">\n\t\t\t\t\t\t<div class=\"elementor-element elementor-element-15e725b elementor-widget elementor-widget-spacer\" data-id=\"15e725b\" data-element_type=\"widget\" data-e-type=\"widget\" data-widget_type=\"spacer.default\">\n\t\t\t\t<div class=\"elementor-widget-container\">\n\t\t\t\t\t\t\t<div class=\"elementor-spacer\">\n\t\t\t<div class=\"elementor-spacer-inner\"><\/div>\n\t\t<\/div>\n\t\t\t\t\t\t<\/div>\n\t\t\t\t<\/div>\n\t\t\t\t<div class=\"elementor-element elementor-element-623b58d elementor-widget-divider--view-line elementor-widget elementor-widget-divider\" data-id=\"623b58d\" data-element_type=\"widget\" data-e-type=\"widget\" data-widget_type=\"divider.default\">\n\t\t\t\t<div class=\"elementor-widget-container\">\n\t\t\t\t\t\t\t<div class=\"elementor-divider\">\n\t\t\t<span class=\"elementor-divider-separator\">\n\t\t\t\t\t\t<\/span>\n\t\t<\/div>\n\t\t\t\t\t\t<\/div>\n\t\t\t\t<\/div>\n\t\t\t\t<div class=\"elementor-element elementor-element-2c62e69 elementor-widget elementor-widget-text-editor\" data-id=\"2c62e69\" data-element_type=\"widget\" data-e-type=\"widget\" data-widget_type=\"text-editor.default\">\n\t\t\t\t<div class=\"elementor-widget-container\">\n\t\t\t\t\t\t\t\t\t<p style=\"text-align: center;\">PE\u00c7A-NOS INFORMA\u00c7\u00c3O SOBRE OS NOSSOS SERVI\u00c7OS OU COMO MOSTRAR O SEU (incompreendido) G\u00c9NIO<\/p>\t\t\t\t\t\t\t\t<\/div>\n\t\t\t\t<\/div>\n\t\t\t\t<div class=\"elementor-element elementor-element-f05a0b3 elementor-button-align-stretch elementor-widget elementor-widget-form\" data-id=\"f05a0b3\" data-element_type=\"widget\" data-e-type=\"widget\" data-settings=\"{&quot;step_next_label&quot;:&quot;Next&quot;,&quot;step_previous_label&quot;:&quot;Previous&quot;,&quot;button_width&quot;:&quot;100&quot;,&quot;step_type&quot;:&quot;number_text&quot;,&quot;step_icon_shape&quot;:&quot;circle&quot;}\" data-widget_type=\"form.default\">\n\t\t\t\t<div class=\"elementor-widget-container\">\n\t\t\t\t\t\t\t<form class=\"elementor-form\" method=\"post\" action=\"\" >\n\t\t\t<input type=\"hidden\" name=\"post_id\" value=\"4017\"\/>\n\t\t\t<input type=\"hidden\" name=\"form_id\" value=\"f05a0b3\"\/>\n\t\t\t<input type=\"hidden\" name=\"referer_title\" value=\"\" \/>\n\n\t\t\t\n\t\t\t<div class=\"elementor-form-fields-wrapper elementor-labels-above\">\n\t\t\t\t\t\t\t\t<div class=\"elementor-field-type-select elementor-field-group elementor-column elementor-field-group-field_6b8d613 elementor-col-100\">\n\t\t\t\t\t\t\t<div class=\"elementor-field elementor-select-wrapper remove-before\">\n\t\t\t<div class=\"select-caret-down-wrapper\">\n\t\t\t\t<i aria-hidden=\"true\" class=\"eicon-caret-down\"><\/i>\t\t\t<\/div>\n\t\t\t<select name=\"form_fields[field_6b8d613]\" id=\"form-field-field_6b8d613\" class=\"elementor-field-textual elementor-size-sm\">\n\t\t\t\t\t\t\t\t\t<option value=\"- Selecione uma op\u00e7\u00e3o\">- Selecione uma op\u00e7\u00e3o<\/option>\n\t\t\t\t\t\t\t\t\t<option value=\"- Revis\u00e3o e cria\u00e7\u00e3o de textos para R&amp;C\">- Revis\u00e3o e cria\u00e7\u00e3o de textos para R&amp;C<\/option>\n\t\t\t\t\t\t\t\t\t<option value=\"- Servi\u00e7os de log\u00f3grafo\">- Servi\u00e7os de log\u00f3grafo<\/option>\n\t\t\t\t\t\t\t\t\t<option value=\"- consultoria em sustentabilidade corporativa\">- consultoria em sustentabilidade corporativa<\/option>\n\t\t\t\t\t\t\t\t\t<option value=\"- Como depositar docs no Asilo dos Rejeitados?\">- Como depositar docs no Asilo dos Rejeitados?<\/option>\n\t\t\t\t\t\t\t\t\t<option value=\"- Outra? diga qual!\">- Outra? diga qual!<\/option>\n\t\t\t\t\t\t\t\t\t<option value=\"\"><\/option>\n\t\t\t\t\t\t\t<\/select>\n\t\t<\/div>\n\t\t\t\t\t\t<\/div>\n\t\t\t\t\t\t\t\t<div class=\"elementor-field-type-text elementor-field-group elementor-column elementor-field-group-field_10f8bc9 elementor-col-100 elementor-field-required\">\n\t\t\t\t\t\t\t\t\t\t\t\t<label for=\"form-field-field_10f8bc9\" class=\"elementor-field-label\">\n\t\t\t\t\t\t\t\tNome\t\t\t\t\t\t\t<\/label>\n\t\t\t\t\t\t\t\t\t\t\t\t\t\t<input size=\"1\" type=\"text\" name=\"form_fields[field_10f8bc9]\" id=\"form-field-field_10f8bc9\" class=\"elementor-field elementor-size-sm  elementor-field-textual\" placeholder=\"Nome\" required=\"required\">\n\t\t\t\t\t\t\t\t\t\t\t<\/div>\n\t\t\t\t\t\t\t\t<div class=\"elementor-field-type-email elementor-field-group elementor-column elementor-field-group-email elementor-col-100 elementor-field-required\">\n\t\t\t\t\t\t\t\t\t\t\t\t<label for=\"form-field-email\" class=\"elementor-field-label\">\n\t\t\t\t\t\t\t\tEmail\t\t\t\t\t\t\t<\/label>\n\t\t\t\t\t\t\t\t\t\t\t\t\t\t<input size=\"1\" type=\"email\" name=\"form_fields[email]\" id=\"form-field-email\" class=\"elementor-field elementor-size-sm  elementor-field-textual\" placeholder=\"Email\" required=\"required\">\n\t\t\t\t\t\t\t\t\t\t\t<\/div>\n\t\t\t\t\t\t\t\t<div class=\"elementor-field-type-textarea elementor-field-group elementor-column elementor-field-group-message elementor-col-100\">\n\t\t\t\t\t\t\t\t\t\t\t\t<label for=\"form-field-message\" class=\"elementor-field-label\">\n\t\t\t\t\t\t\t\tMensagem\t\t\t\t\t\t\t<\/label>\n\t\t\t\t\t\t<textarea class=\"elementor-field-textual elementor-field  elementor-size-sm\" name=\"form_fields[message]\" id=\"form-field-message\" rows=\"7\" placeholder=\"Diga-nos o que pretende\/deseja..\"><\/textarea>\t\t\t\t<\/div>\n\t\t\t\t\t\t\t\t<div class=\"elementor-field-group elementor-column elementor-field-type-submit elementor-col-100 e-form__buttons\">\n\t\t\t\t\t<button class=\"elementor-button elementor-size-sm\" type=\"submit\">\n\t\t\t\t\t\t<span class=\"elementor-button-content-wrapper\">\n\t\t\t\t\t\t\t\t\t\t\t\t\t\t\t\t\t\t\t\t\t\t<span class=\"elementor-button-text\">Enviar Mensagem<\/span>\n\t\t\t\t\t\t\t\t\t\t\t\t\t<\/span>\n\t\t\t\t\t<\/button>\n\t\t\t\t<\/div>\n\t\t\t<\/div>\n\t\t<input type=\"hidden\" name=\"trp-form-language\" value=\"en\"\/><\/form>\n\t\t\t\t\t\t<\/div>\n\t\t\t\t<\/div>\n\t\t\t\t\t<\/div>\n\t\t<\/div>\n\t\t\t\t\t<\/div>\n\t\t<\/section>\n\t\t\t\t<\/div>","protected":false},"excerpt":{"rendered":"<p>DOXA SIGNE, AI SUSTENTABILIDADE E CRIA\u00c7\u00c3O LITER\u00c1RIA Outros S@beresA Evolu\u00e7\u00e3o Humana Pot\u00eancia de l\u00edngua nos textos (H)esquecidos, desde: \u00abGeopol\u00edtica e Seguran\u00e7a\u00bb; \u00abSa\u00fade e Seguran\u00e7a no trabalho\u00bb; \u00abSustentabilidade ambiental e corporativa\u00bb; \u00abVida econ\u00f3mica e Digital\u00bb. Se quer aceder a textos pertinentes do CESE\/CRE-UE) clique no slide (+ Saber mais)Opini\u00e3o com AssinaturaCria\u00e7\u00e3o Liter\u00e1ria\/Log\u00f3grafotextos para mass-mediaAsilo dos RejeitadosBiblioteca [&hellip;]<\/p>","protected":false},"author":1,"featured_media":0,"parent":0,"menu_order":0,"comment_status":"closed","ping_status":"closed","template":"","meta":{"footnotes":""},"class_list":["post-4017","page","type-page","status-publish","hentry","no-post-thumbnail"],"_links":{"self":[{"href":"https:\/\/cezear.pt\/en\/wp-json\/wp\/v2\/pages\/4017","targetHints":{"allow":["GET"]}}],"collection":[{"href":"https:\/\/cezear.pt\/en\/wp-json\/wp\/v2\/pages"}],"about":[{"href":"https:\/\/cezear.pt\/en\/wp-json\/wp\/v2\/types\/page"}],"author":[{"embeddable":true,"href":"https:\/\/cezear.pt\/en\/wp-json\/wp\/v2\/users\/1"}],"replies":[{"embeddable":true,"href":"https:\/\/cezear.pt\/en\/wp-json\/wp\/v2\/comments?post=4017"}],"version-history":[{"count":100,"href":"https:\/\/cezear.pt\/en\/wp-json\/wp\/v2\/pages\/4017\/revisions"}],"predecessor-version":[{"id":12945,"href":"https:\/\/cezear.pt\/en\/wp-json\/wp\/v2\/pages\/4017\/revisions\/12945"}],"wp:attachment":[{"href":"https:\/\/cezear.pt\/en\/wp-json\/wp\/v2\/media?parent=4017"}],"curies":[{"name":"wp","href":"https:\/\/api.w.org\/{rel}","templated":true}]}}